{"id":364,"date":"2025-12-17T12:08:30","date_gmt":"2025-12-17T12:08:30","guid":{"rendered":"https:\/\/www.forno-mediterraneo.com\/?post_type=product&#038;p=364"},"modified":"2026-01-22T09:14:20","modified_gmt":"2026-01-22T09:14:20","slug":"pizza-napoletana-porcini-e-tartufo-estivo","status":"publish","type":"product","link":"https:\/\/www.forno-mediterraneo.com\/it\/prodotto\/pizza-napoletana-porcini-e-tartufo-estivo\/","title":{"rendered":"Pizza Napoletana Porcini e Tartufo Estivo"},"content":{"rendered":"<p>Pasta farcita con salsa di pomodoro, mozzarella, tartufo estivo e funghi porcini, cotta e surgelata.<\/p>","protected":false},"excerpt":{"rendered":"<p>Pasta farcita con salsa di pomodoro, mozzarella, tartufo estivo e funghi porcini, cotta e surgelata.<\/p>","protected":false},"featured_media":1060,"comment_status":"open","ping_status":"closed","template":"","meta":{"_acf_changed":false},"product_brand":[],"product_cat":[44,26,25,23],"product_tag":[],"class_list":{"0":"post-364","1":"product","2":"type-product","3":"status-publish","4":"has-post-thumbnail","6":"product_cat-diametre","7":"product_cat-diametre-29","8":"product_cat-format","9":"product_cat-pizza","11":"first","12":"instock","13":"shipping-taxable","14":"product-type-simple"},"acf":[],"yoast_head":"<!-- This site is optimized with the Yoast SEO plugin v26.7 - https:\/\/yoast.com\/wordpress\/plugins\/seo\/ -->\n<title>Pizza Napoletana Porcini e Tartufo Estivo - Forno mediterraneo<\/title>\n<meta name=\"description\" content=\"Pizza napolitaine Porcini &amp; Tartufo Estivo : c\u00e8pes et truffe d\u2019\u00e9t\u00e9 pour une recette premium. Pour pros, disponible frais ou surgel\u00e9\" \/>\n<meta name=\"robots\" content=\"index, follow, max-snippet:-1, max-image-preview:large, max-video-preview:-1\" \/>\n<link rel=\"canonical\" href=\"https:\/\/www.forno-mediterraneo.com\/it\/prodotto\/pizza-napoletana-porcini-e-tartufo-estivo\/\" \/>\n<meta property=\"og:locale\" content=\"it_IT\" \/>\n<meta property=\"og:type\" content=\"article\" \/>\n<meta property=\"og:title\" content=\"Pizza Napoletana Porcini e Tartufo Estivo - Forno mediterraneo\" \/>\n<meta property=\"og:description\" content=\"Pizza napolitaine Porcini &amp; Tartufo Estivo : c\u00e8pes et truffe d\u2019\u00e9t\u00e9 pour une recette premium. Pour pros, disponible frais ou surgel\u00e9\" \/>\n<meta property=\"og:url\" content=\"https:\/\/www.forno-mediterraneo.com\/it\/prodotto\/pizza-napoletana-porcini-e-tartufo-estivo\/\" \/>\n<meta property=\"og:site_name\" content=\"Forno mediterraneo\" \/>\n<meta property=\"article:modified_time\" content=\"2026-01-22T09:14:20+00:00\" \/>\n<meta property=\"og:image\" content=\"https:\/\/www.forno-mediterraneo.com\/wp-content\/uploads\/2026\/01\/Pizza-Napoletana-Porcini-e-Tartufo-Estivo.png\" \/>\n\t<meta property=\"og:image:width\" content=\"800\" \/>\n\t<meta property=\"og:image:height\" content=\"800\" \/>\n\t<meta property=\"og:image:type\" content=\"image\/png\" \/>\n<meta name=\"twitter:card\" content=\"summary_large_image\" \/>\n<meta name=\"twitter:label1\" content=\"Tempo di lettura stimato\" \/>\n\t<meta name=\"twitter:data1\" content=\"1 minuto\" \/>\n<script type=\"application\/ld+json\" class=\"yoast-schema-graph\">{\"@context\":\"https:\/\/schema.org\",\"@graph\":[{\"@type\":\"WebPage\",\"@id\":\"https:\/\/www.forno-mediterraneo.com\/produit\/pizza-napoletana-porcini-e-tartufo-estivo\/\",\"url\":\"https:\/\/www.forno-mediterraneo.com\/produit\/pizza-napoletana-porcini-e-tartufo-estivo\/\",\"name\":\"Pizza Napoletana Porcini e Tartufo Estivo - Forno mediterraneo\",\"isPartOf\":{\"@id\":\"https:\/\/www.forno-mediterraneo.com\/#website\"},\"primaryImageOfPage\":{\"@id\":\"https:\/\/www.forno-mediterraneo.com\/produit\/pizza-napoletana-porcini-e-tartufo-estivo\/#primaryimage\"},\"image\":{\"@id\":\"https:\/\/www.forno-mediterraneo.com\/produit\/pizza-napoletana-porcini-e-tartufo-estivo\/#primaryimage\"},\"thumbnailUrl\":\"https:\/\/www.forno-mediterraneo.com\/wp-content\/uploads\/2026\/01\/Pizza-Napoletana-Porcini-e-Tartufo-Estivo.png\",\"datePublished\":\"2025-12-17T12:08:30+00:00\",\"dateModified\":\"2026-01-22T09:14:20+00:00\",\"description\":\"Pizza napolitaine Porcini & Tartufo Estivo : c\u00e8pes et truffe d\u2019\u00e9t\u00e9 pour une recette premium. Pour pros, disponible frais ou surgel\u00e9\",\"breadcrumb\":{\"@id\":\"https:\/\/www.forno-mediterraneo.com\/produit\/pizza-napoletana-porcini-e-tartufo-estivo\/#breadcrumb\"},\"inLanguage\":\"it-IT\",\"potentialAction\":[{\"@type\":\"ReadAction\",\"target\":[\"https:\/\/www.forno-mediterraneo.com\/produit\/pizza-napoletana-porcini-e-tartufo-estivo\/\"]}]},{\"@type\":\"ImageObject\",\"inLanguage\":\"it-IT\",\"@id\":\"https:\/\/www.forno-mediterraneo.com\/produit\/pizza-napoletana-porcini-e-tartufo-estivo\/#primaryimage\",\"url\":\"https:\/\/www.forno-mediterraneo.com\/wp-content\/uploads\/2026\/01\/Pizza-Napoletana-Porcini-e-Tartufo-Estivo.png\",\"contentUrl\":\"https:\/\/www.forno-mediterraneo.com\/wp-content\/uploads\/2026\/01\/Pizza-Napoletana-Porcini-e-Tartufo-Estivo.png\",\"width\":1000,\"height\":1000},{\"@type\":\"BreadcrumbList\",\"@id\":\"https:\/\/www.forno-mediterraneo.com\/produit\/pizza-napoletana-porcini-e-tartufo-estivo\/#breadcrumb\",\"itemListElement\":[{\"@type\":\"ListItem\",\"position\":1,\"name\":\"Accueil\",\"item\":\"https:\/\/www.forno-mediterraneo.com\/\"},{\"@type\":\"ListItem\",\"position\":2,\"name\":\"Produits\",\"item\":\"https:\/\/www.forno-mediterraneo.com\/boutique__trashed\/\"},{\"@type\":\"ListItem\",\"position\":3,\"name\":\"Pizza Napoletana Porcini e Tartufo Estivo\"}]},{\"@type\":\"WebSite\",\"@id\":\"https:\/\/www.forno-mediterraneo.com\/#website\",\"url\":\"https:\/\/www.forno-mediterraneo.com\/\",\"name\":\"Forno mediterraneo\",\"description\":\"\",\"publisher\":{\"@id\":\"https:\/\/www.forno-mediterraneo.com\/#organization\"},\"potentialAction\":[{\"@type\":\"SearchAction\",\"target\":{\"@type\":\"EntryPoint\",\"urlTemplate\":\"https:\/\/www.forno-mediterraneo.com\/?s={search_term_string}\"},\"query-input\":{\"@type\":\"PropertyValueSpecification\",\"valueRequired\":true,\"valueName\":\"search_term_string\"}}],\"inLanguage\":\"it-IT\"},{\"@type\":\"Organization\",\"@id\":\"https:\/\/www.forno-mediterraneo.com\/#organization\",\"name\":\"Forno mediterraneo\",\"url\":\"https:\/\/www.forno-mediterraneo.com\/\",\"logo\":{\"@type\":\"ImageObject\",\"inLanguage\":\"it-IT\",\"@id\":\"https:\/\/www.forno-mediterraneo.com\/#\/schema\/logo\/image\/\",\"url\":\"https:\/\/www.forno-mediterraneo.com\/wp-content\/uploads\/2025\/12\/Logo-Usine-fond-rouge-scaled.png\",\"contentUrl\":\"https:\/\/www.forno-mediterraneo.com\/wp-content\/uploads\/2025\/12\/Logo-Usine-fond-rouge-scaled.png\",\"width\":2560,\"height\":931,\"caption\":\"Forno mediterraneo\"},\"image\":{\"@id\":\"https:\/\/www.forno-mediterraneo.com\/#\/schema\/logo\/image\/\"}}]}<\/script>\n<!-- \/ Yoast SEO plugin. -->","yoast_head_json":{"title":"Pizza Napoletana Porcini e Tartufo Estivo - Forno mediterraneo","description":"Pizza napolitaine Porcini & Tartufo Estivo : c\u00e8pes et truffe d\u2019\u00e9t\u00e9 pour une recette premium. Pour pros, disponible frais ou surgel\u00e9","robots":{"index":"index","follow":"follow","max-snippet":"max-snippet:-1","max-image-preview":"max-image-preview:large","max-video-preview":"max-video-preview:-1"},"canonical":"https:\/\/www.forno-mediterraneo.com\/it\/prodotto\/pizza-napoletana-porcini-e-tartufo-estivo\/","og_locale":"it_IT","og_type":"article","og_title":"Pizza Napoletana Porcini e Tartufo Estivo - Forno mediterraneo","og_description":"Pizza napolitaine Porcini & Tartufo Estivo : c\u00e8pes et truffe d\u2019\u00e9t\u00e9 pour une recette premium. Pour pros, disponible frais ou surgel\u00e9","og_url":"https:\/\/www.forno-mediterraneo.com\/it\/prodotto\/pizza-napoletana-porcini-e-tartufo-estivo\/","og_site_name":"Forno mediterraneo","article_modified_time":"2026-01-22T09:14:20+00:00","og_image":[{"url":"https:\/\/www.forno-mediterraneo.com\/wp-content\/uploads\/2026\/01\/Pizza-Napoletana-Porcini-e-Tartufo-Estivo.png","width":800,"height":800,"type":"image\/png"}],"twitter_card":"summary_large_image","twitter_misc":{"Tempo di lettura stimato":"1 minuto"},"schema":{"@context":"https:\/\/schema.org","@graph":[{"@type":"WebPage","@id":"https:\/\/www.forno-mediterraneo.com\/produit\/pizza-napoletana-porcini-e-tartufo-estivo\/","url":"https:\/\/www.forno-mediterraneo.com\/produit\/pizza-napoletana-porcini-e-tartufo-estivo\/","name":"Pizza Napoletana Porcini e Tartufo Estivo - Forno mediterraneo","isPartOf":{"@id":"https:\/\/www.forno-mediterraneo.com\/#website"},"primaryImageOfPage":{"@id":"https:\/\/www.forno-mediterraneo.com\/produit\/pizza-napoletana-porcini-e-tartufo-estivo\/#primaryimage"},"image":{"@id":"https:\/\/www.forno-mediterraneo.com\/produit\/pizza-napoletana-porcini-e-tartufo-estivo\/#primaryimage"},"thumbnailUrl":"https:\/\/www.forno-mediterraneo.com\/wp-content\/uploads\/2026\/01\/Pizza-Napoletana-Porcini-e-Tartufo-Estivo.png","datePublished":"2025-12-17T12:08:30+00:00","dateModified":"2026-01-22T09:14:20+00:00","description":"Pizza napolitaine Porcini & Tartufo Estivo : c\u00e8pes et truffe d\u2019\u00e9t\u00e9 pour une recette premium. Pour pros, disponible frais ou surgel\u00e9","breadcrumb":{"@id":"https:\/\/www.forno-mediterraneo.com\/produit\/pizza-napoletana-porcini-e-tartufo-estivo\/#breadcrumb"},"inLanguage":"it-IT","potentialAction":[{"@type":"ReadAction","target":["https:\/\/www.forno-mediterraneo.com\/produit\/pizza-napoletana-porcini-e-tartufo-estivo\/"]}]},{"@type":"ImageObject","inLanguage":"it-IT","@id":"https:\/\/www.forno-mediterraneo.com\/produit\/pizza-napoletana-porcini-e-tartufo-estivo\/#primaryimage","url":"https:\/\/www.forno-mediterraneo.com\/wp-content\/uploads\/2026\/01\/Pizza-Napoletana-Porcini-e-Tartufo-Estivo.png","contentUrl":"https:\/\/www.forno-mediterraneo.com\/wp-content\/uploads\/2026\/01\/Pizza-Napoletana-Porcini-e-Tartufo-Estivo.png","width":1000,"height":1000},{"@type":"BreadcrumbList","@id":"https:\/\/www.forno-mediterraneo.com\/produit\/pizza-napoletana-porcini-e-tartufo-estivo\/#breadcrumb","itemListElement":[{"@type":"ListItem","position":1,"name":"Accueil","item":"https:\/\/www.forno-mediterraneo.com\/"},{"@type":"ListItem","position":2,"name":"Produits","item":"https:\/\/www.forno-mediterraneo.com\/boutique__trashed\/"},{"@type":"ListItem","position":3,"name":"Pizza Napoletana Porcini e Tartufo Estivo"}]},{"@type":"WebSite","@id":"https:\/\/www.forno-mediterraneo.com\/#website","url":"https:\/\/www.forno-mediterraneo.com\/","name":"Forno mediterraneo","description":"","publisher":{"@id":"https:\/\/www.forno-mediterraneo.com\/#organization"},"potentialAction":[{"@type":"SearchAction","target":{"@type":"EntryPoint","urlTemplate":"https:\/\/www.forno-mediterraneo.com\/?s={search_term_string}"},"query-input":{"@type":"PropertyValueSpecification","valueRequired":true,"valueName":"search_term_string"}}],"inLanguage":"it-IT"},{"@type":"Organization","@id":"https:\/\/www.forno-mediterraneo.com\/#organization","name":"Forno mediterraneo","url":"https:\/\/www.forno-mediterraneo.com\/","logo":{"@type":"ImageObject","inLanguage":"it-IT","@id":"https:\/\/www.forno-mediterraneo.com\/#\/schema\/logo\/image\/","url":"https:\/\/www.forno-mediterraneo.com\/wp-content\/uploads\/2025\/12\/Logo-Usine-fond-rouge-scaled.png","contentUrl":"https:\/\/www.forno-mediterraneo.com\/wp-content\/uploads\/2025\/12\/Logo-Usine-fond-rouge-scaled.png","width":2560,"height":931,"caption":"Forno mediterraneo"},"image":{"@id":"https:\/\/www.forno-mediterraneo.com\/#\/schema\/logo\/image\/"}}]}},"_links":{"self":[{"href":"https:\/\/www.forno-mediterraneo.com\/it\/wp-json\/wp\/v2\/product\/364","targetHints":{"allow":["GET"]}}],"collection":[{"href":"https:\/\/www.forno-mediterraneo.com\/it\/wp-json\/wp\/v2\/product"}],"about":[{"href":"https:\/\/www.forno-mediterraneo.com\/it\/wp-json\/wp\/v2\/types\/product"}],"replies":[{"embeddable":true,"href":"https:\/\/www.forno-mediterraneo.com\/it\/wp-json\/wp\/v2\/comments?post=364"}],"wp:featuredmedia":[{"embeddable":true,"href":"https:\/\/www.forno-mediterraneo.com\/it\/wp-json\/wp\/v2\/media\/1060"}],"wp:attachment":[{"href":"https:\/\/www.forno-mediterraneo.com\/it\/wp-json\/wp\/v2\/media?parent=364"}],"wp:term":[{"taxonomy":"product_brand","embeddable":true,"href":"https:\/\/www.forno-mediterraneo.com\/it\/wp-json\/wp\/v2\/product_brand?post=364"},{"taxonomy":"product_cat","embeddable":true,"href":"https:\/\/www.forno-mediterraneo.com\/it\/wp-json\/wp\/v2\/product_cat?post=364"},{"taxonomy":"product_tag","embeddable":true,"href":"https:\/\/www.forno-mediterraneo.com\/it\/wp-json\/wp\/v2\/product_tag?post=364"}],"curies":[{"name":"wp","href":"https:\/\/api.w.org\/{rel}","templated":true}]}}