{"id":1506,"date":"2026-01-22T08:50:13","date_gmt":"2026-01-22T08:50:13","guid":{"rendered":"https:\/\/www.forno-mediterraneo.com\/?post_type=product&#038;p=1506"},"modified":"2026-01-22T09:12:38","modified_gmt":"2026-01-22T09:12:38","slug":"pizza-pala-poulet-et-pesto","status":"publish","type":"product","link":"https:\/\/www.forno-mediterraneo.com\/it\/prodotto\/pizza-pala-poulet-et-pesto\/","title":{"rendered":"PIZZA ALLA PALA POLLO E PESTO"},"content":{"rendered":"<p><span style=\"font-weight: 400;\">Impasto farcito con pollo, mozzarella, crema e salsa pesto, cotto e surgelato.<\/span><\/p>","protected":false},"excerpt":{"rendered":"<p>Impasto farcito con pollo, mozzarella, crema e salsa pesto, cotto e surgelato.<\/p>","protected":false},"featured_media":1507,"comment_status":"open","ping_status":"closed","template":"","meta":{"_acf_changed":false},"product_brand":[],"product_cat":[43,42],"product_tag":[],"class_list":{"0":"post-1506","1":"product","2":"type-product","3":"status-publish","4":"has-post-thumbnail","6":"product_cat-longueur","7":"product_cat-pizza-pala","9":"first","10":"instock","11":"shipping-taxable","12":"product-type-simple"},"acf":[],"yoast_head":"<!-- This site is optimized with the Yoast SEO plugin v26.7 - https:\/\/yoast.com\/wordpress\/plugins\/seo\/ -->\n<title>Pizza Pala Poulet et Pesto - Forno mediterraneo<\/title>\n<meta name=\"robots\" content=\"index, follow, max-snippet:-1, max-image-preview:large, max-video-preview:-1\" \/>\n<link rel=\"canonical\" href=\"https:\/\/www.forno-mediterraneo.com\/it\/prodotto\/pizza-pala-poulet-et-pesto\/\" \/>\n<meta property=\"og:locale\" content=\"it_IT\" \/>\n<meta property=\"og:type\" content=\"article\" \/>\n<meta property=\"og:title\" content=\"Pizza Pala Poulet et Pesto - Forno mediterraneo\" \/>\n<meta property=\"og:description\" content=\"P\u00e2te garnie de poulet, mozzarella, cr\u00e8me et sauce pesto, cuite et surgel\u00e9e.\" \/>\n<meta property=\"og:url\" content=\"https:\/\/www.forno-mediterraneo.com\/it\/prodotto\/pizza-pala-poulet-et-pesto\/\" \/>\n<meta property=\"og:site_name\" content=\"Forno mediterraneo\" \/>\n<meta property=\"article:modified_time\" content=\"2026-01-22T09:12:38+00:00\" \/>\n<meta property=\"og:image\" content=\"https:\/\/www.forno-mediterraneo.com\/wp-content\/uploads\/2026\/01\/Pizza-Pala-Poulet-Pesto.png\" \/>\n\t<meta property=\"og:image:width\" content=\"1000\" \/>\n\t<meta property=\"og:image:height\" content=\"1000\" \/>\n\t<meta property=\"og:image:type\" content=\"image\/png\" \/>\n<meta name=\"twitter:card\" content=\"summary_large_image\" \/>\n<meta name=\"twitter:label1\" content=\"Tempo di lettura stimato\" \/>\n\t<meta name=\"twitter:data1\" content=\"1 minuto\" \/>\n<script type=\"application\/ld+json\" class=\"yoast-schema-graph\">{\"@context\":\"https:\/\/schema.org\",\"@graph\":[{\"@type\":\"WebPage\",\"@id\":\"https:\/\/www.forno-mediterraneo.com\/produit\/pizza-pala-poulet-et-pesto\/\",\"url\":\"https:\/\/www.forno-mediterraneo.com\/produit\/pizza-pala-poulet-et-pesto\/\",\"name\":\"Pizza Pala Poulet et Pesto - Forno mediterraneo\",\"isPartOf\":{\"@id\":\"https:\/\/www.forno-mediterraneo.com\/#website\"},\"primaryImageOfPage\":{\"@id\":\"https:\/\/www.forno-mediterraneo.com\/produit\/pizza-pala-poulet-et-pesto\/#primaryimage\"},\"image\":{\"@id\":\"https:\/\/www.forno-mediterraneo.com\/produit\/pizza-pala-poulet-et-pesto\/#primaryimage\"},\"thumbnailUrl\":\"https:\/\/www.forno-mediterraneo.com\/wp-content\/uploads\/2026\/01\/Pizza-Pala-Poulet-Pesto.png\",\"datePublished\":\"2026-01-22T08:50:13+00:00\",\"dateModified\":\"2026-01-22T09:12:38+00:00\",\"breadcrumb\":{\"@id\":\"https:\/\/www.forno-mediterraneo.com\/produit\/pizza-pala-poulet-et-pesto\/#breadcrumb\"},\"inLanguage\":\"it-IT\",\"potentialAction\":[{\"@type\":\"ReadAction\",\"target\":[\"https:\/\/www.forno-mediterraneo.com\/produit\/pizza-pala-poulet-et-pesto\/\"]}]},{\"@type\":\"ImageObject\",\"inLanguage\":\"it-IT\",\"@id\":\"https:\/\/www.forno-mediterraneo.com\/produit\/pizza-pala-poulet-et-pesto\/#primaryimage\",\"url\":\"https:\/\/www.forno-mediterraneo.com\/wp-content\/uploads\/2026\/01\/Pizza-Pala-Poulet-Pesto.png\",\"contentUrl\":\"https:\/\/www.forno-mediterraneo.com\/wp-content\/uploads\/2026\/01\/Pizza-Pala-Poulet-Pesto.png\",\"width\":1000,\"height\":1000},{\"@type\":\"BreadcrumbList\",\"@id\":\"https:\/\/www.forno-mediterraneo.com\/produit\/pizza-pala-poulet-et-pesto\/#breadcrumb\",\"itemListElement\":[{\"@type\":\"ListItem\",\"position\":1,\"name\":\"Accueil\",\"item\":\"https:\/\/www.forno-mediterraneo.com\/\"},{\"@type\":\"ListItem\",\"position\":2,\"name\":\"Produits\",\"item\":\"https:\/\/www.forno-mediterraneo.com\/boutique__trashed\/\"},{\"@type\":\"ListItem\",\"position\":3,\"name\":\"Pizza Pala Poulet et Pesto\"}]},{\"@type\":\"WebSite\",\"@id\":\"https:\/\/www.forno-mediterraneo.com\/#website\",\"url\":\"https:\/\/www.forno-mediterraneo.com\/\",\"name\":\"Forno mediterraneo\",\"description\":\"\",\"publisher\":{\"@id\":\"https:\/\/www.forno-mediterraneo.com\/#organization\"},\"potentialAction\":[{\"@type\":\"SearchAction\",\"target\":{\"@type\":\"EntryPoint\",\"urlTemplate\":\"https:\/\/www.forno-mediterraneo.com\/?s={search_term_string}\"},\"query-input\":{\"@type\":\"PropertyValueSpecification\",\"valueRequired\":true,\"valueName\":\"search_term_string\"}}],\"inLanguage\":\"it-IT\"},{\"@type\":\"Organization\",\"@id\":\"https:\/\/www.forno-mediterraneo.com\/#organization\",\"name\":\"Forno mediterraneo\",\"url\":\"https:\/\/www.forno-mediterraneo.com\/\",\"logo\":{\"@type\":\"ImageObject\",\"inLanguage\":\"it-IT\",\"@id\":\"https:\/\/www.forno-mediterraneo.com\/#\/schema\/logo\/image\/\",\"url\":\"https:\/\/www.forno-mediterraneo.com\/wp-content\/uploads\/2025\/12\/Logo-Usine-fond-rouge-scaled.png\",\"contentUrl\":\"https:\/\/www.forno-mediterraneo.com\/wp-content\/uploads\/2025\/12\/Logo-Usine-fond-rouge-scaled.png\",\"width\":2560,\"height\":931,\"caption\":\"Forno mediterraneo\"},\"image\":{\"@id\":\"https:\/\/www.forno-mediterraneo.com\/#\/schema\/logo\/image\/\"}}]}<\/script>\n<!-- \/ Yoast SEO plugin. -->","yoast_head_json":{"title":"Pizza Pala Poulet et Pesto - Forno mediterraneo","robots":{"index":"index","follow":"follow","max-snippet":"max-snippet:-1","max-image-preview":"max-image-preview:large","max-video-preview":"max-video-preview:-1"},"canonical":"https:\/\/www.forno-mediterraneo.com\/it\/prodotto\/pizza-pala-poulet-et-pesto\/","og_locale":"it_IT","og_type":"article","og_title":"Pizza Pala Poulet et Pesto - Forno mediterraneo","og_description":"P\u00e2te garnie de poulet, mozzarella, cr\u00e8me et sauce pesto, cuite et surgel\u00e9e.","og_url":"https:\/\/www.forno-mediterraneo.com\/it\/prodotto\/pizza-pala-poulet-et-pesto\/","og_site_name":"Forno mediterraneo","article_modified_time":"2026-01-22T09:12:38+00:00","og_image":[{"width":1000,"height":1000,"url":"https:\/\/www.forno-mediterraneo.com\/wp-content\/uploads\/2026\/01\/Pizza-Pala-Poulet-Pesto.png","type":"image\/png"}],"twitter_card":"summary_large_image","twitter_misc":{"Tempo di lettura stimato":"1 minuto"},"schema":{"@context":"https:\/\/schema.org","@graph":[{"@type":"WebPage","@id":"https:\/\/www.forno-mediterraneo.com\/produit\/pizza-pala-poulet-et-pesto\/","url":"https:\/\/www.forno-mediterraneo.com\/produit\/pizza-pala-poulet-et-pesto\/","name":"Pizza Pala Poulet et Pesto - Forno mediterraneo","isPartOf":{"@id":"https:\/\/www.forno-mediterraneo.com\/#website"},"primaryImageOfPage":{"@id":"https:\/\/www.forno-mediterraneo.com\/produit\/pizza-pala-poulet-et-pesto\/#primaryimage"},"image":{"@id":"https:\/\/www.forno-mediterraneo.com\/produit\/pizza-pala-poulet-et-pesto\/#primaryimage"},"thumbnailUrl":"https:\/\/www.forno-mediterraneo.com\/wp-content\/uploads\/2026\/01\/Pizza-Pala-Poulet-Pesto.png","datePublished":"2026-01-22T08:50:13+00:00","dateModified":"2026-01-22T09:12:38+00:00","breadcrumb":{"@id":"https:\/\/www.forno-mediterraneo.com\/produit\/pizza-pala-poulet-et-pesto\/#breadcrumb"},"inLanguage":"it-IT","potentialAction":[{"@type":"ReadAction","target":["https:\/\/www.forno-mediterraneo.com\/produit\/pizza-pala-poulet-et-pesto\/"]}]},{"@type":"ImageObject","inLanguage":"it-IT","@id":"https:\/\/www.forno-mediterraneo.com\/produit\/pizza-pala-poulet-et-pesto\/#primaryimage","url":"https:\/\/www.forno-mediterraneo.com\/wp-content\/uploads\/2026\/01\/Pizza-Pala-Poulet-Pesto.png","contentUrl":"https:\/\/www.forno-mediterraneo.com\/wp-content\/uploads\/2026\/01\/Pizza-Pala-Poulet-Pesto.png","width":1000,"height":1000},{"@type":"BreadcrumbList","@id":"https:\/\/www.forno-mediterraneo.com\/produit\/pizza-pala-poulet-et-pesto\/#breadcrumb","itemListElement":[{"@type":"ListItem","position":1,"name":"Accueil","item":"https:\/\/www.forno-mediterraneo.com\/"},{"@type":"ListItem","position":2,"name":"Produits","item":"https:\/\/www.forno-mediterraneo.com\/boutique__trashed\/"},{"@type":"ListItem","position":3,"name":"Pizza Pala Poulet et Pesto"}]},{"@type":"WebSite","@id":"https:\/\/www.forno-mediterraneo.com\/#website","url":"https:\/\/www.forno-mediterraneo.com\/","name":"Forno mediterraneo","description":"","publisher":{"@id":"https:\/\/www.forno-mediterraneo.com\/#organization"},"potentialAction":[{"@type":"SearchAction","target":{"@type":"EntryPoint","urlTemplate":"https:\/\/www.forno-mediterraneo.com\/?s={search_term_string}"},"query-input":{"@type":"PropertyValueSpecification","valueRequired":true,"valueName":"search_term_string"}}],"inLanguage":"it-IT"},{"@type":"Organization","@id":"https:\/\/www.forno-mediterraneo.com\/#organization","name":"Forno mediterraneo","url":"https:\/\/www.forno-mediterraneo.com\/","logo":{"@type":"ImageObject","inLanguage":"it-IT","@id":"https:\/\/www.forno-mediterraneo.com\/#\/schema\/logo\/image\/","url":"https:\/\/www.forno-mediterraneo.com\/wp-content\/uploads\/2025\/12\/Logo-Usine-fond-rouge-scaled.png","contentUrl":"https:\/\/www.forno-mediterraneo.com\/wp-content\/uploads\/2025\/12\/Logo-Usine-fond-rouge-scaled.png","width":2560,"height":931,"caption":"Forno mediterraneo"},"image":{"@id":"https:\/\/www.forno-mediterraneo.com\/#\/schema\/logo\/image\/"}}]}},"_links":{"self":[{"href":"https:\/\/www.forno-mediterraneo.com\/it\/wp-json\/wp\/v2\/product\/1506","targetHints":{"allow":["GET"]}}],"collection":[{"href":"https:\/\/www.forno-mediterraneo.com\/it\/wp-json\/wp\/v2\/product"}],"about":[{"href":"https:\/\/www.forno-mediterraneo.com\/it\/wp-json\/wp\/v2\/types\/product"}],"replies":[{"embeddable":true,"href":"https:\/\/www.forno-mediterraneo.com\/it\/wp-json\/wp\/v2\/comments?post=1506"}],"wp:featuredmedia":[{"embeddable":true,"href":"https:\/\/www.forno-mediterraneo.com\/it\/wp-json\/wp\/v2\/media\/1507"}],"wp:attachment":[{"href":"https:\/\/www.forno-mediterraneo.com\/it\/wp-json\/wp\/v2\/media?parent=1506"}],"wp:term":[{"taxonomy":"product_brand","embeddable":true,"href":"https:\/\/www.forno-mediterraneo.com\/it\/wp-json\/wp\/v2\/product_brand?post=1506"},{"taxonomy":"product_cat","embeddable":true,"href":"https:\/\/www.forno-mediterraneo.com\/it\/wp-json\/wp\/v2\/product_cat?post=1506"},{"taxonomy":"product_tag","embeddable":true,"href":"https:\/\/www.forno-mediterraneo.com\/it\/wp-json\/wp\/v2\/product_tag?post=1506"}],"curies":[{"name":"wp","href":"https:\/\/api.w.org\/{rel}","templated":true}]}}