{"id":291,"date":"2025-12-17T07:53:27","date_gmt":"2025-12-17T07:53:27","guid":{"rendered":"https:\/\/www.forno-mediterraneo.com\/?page_id=291"},"modified":"2026-01-13T13:05:59","modified_gmt":"2026-01-13T13:05:59","slug":"contact","status":"publish","type":"page","link":"https:\/\/www.forno-mediterraneo.com\/it\/contact\/","title":{"rendered":"Contatti"},"content":{"rendered":"\t\t<div data-elementor-type=\"wp-page\" data-elementor-id=\"291\" class=\"elementor elementor-291\" data-elementor-post-type=\"page\">\n\t\t\t\t<div class=\"elementor-element elementor-element-21393a8 e-con-full e-flex e-con e-parent\" data-id=\"21393a8\" data-element_type=\"container\">\n\t\t<div class=\"elementor-element elementor-element-0baaf17 e-con-full e-flex e-con e-child\" data-id=\"0baaf17\" data-element_type=\"container\">\n\t\t\t\t<div class=\"elementor-element elementor-element-f7c3ffb elementor-widget elementor-widget-heading\" data-id=\"f7c3ffb\" data-element_type=\"widget\" data-widget_type=\"heading.default\">\n\t\t\t\t\t<p class=\"elementor-heading-title elementor-size-default\">Nous contacter<\/p>\t\t\t\t<\/div>\n\t\t\t\t<div class=\"elementor-element elementor-element-3086ed9 elementor-widget elementor-widget-heading\" data-id=\"3086ed9\" data-element_type=\"widget\" data-widget_type=\"heading.default\">\n\t\t\t\t\t<h1 class=\"elementor-heading-title elementor-size-default\">Contactez-nous<\/h1>\t\t\t\t<\/div>\n\t\t\t\t<div class=\"elementor-element elementor-element-4e35b31 elementor-widget elementor-widget-text-editor\" data-id=\"4e35b31\" data-element_type=\"widget\" data-widget_type=\"text-editor.default\">\n\t\t\t\t\t\t\t\t\t<p>Notre \u00e9quipe est \u00e0 votre \u00e9coute pour vous accompagner dans le d\u00e9veloppement de vos produits frais ou surgel\u00e9s.\u2028<\/p><p>Remplissez le formulaire ci-dessous : nous reviendrons vers vous dans les plus brefs d\u00e9lais.<\/p>\t\t\t\t\t\t\t\t<\/div>\n\t\t\t\t<div class=\"elementor-element elementor-element-9c647b3 elementor-icon-list--layout-traditional elementor-list-item-link-full_width elementor-widget elementor-widget-icon-list\" data-id=\"9c647b3\" data-element_type=\"widget\" data-widget_type=\"icon-list.default\">\n\t\t\t\t\t\t\t<ul class=\"elementor-icon-list-items\">\n\t\t\t\t\t\t\t<li class=\"elementor-icon-list-item\">\n\t\t\t\t\t\t\t\t\t\t\t<span class=\"elementor-icon-list-icon\">\n\t\t\t\t\t\t\t<svg aria-hidden=\"true\" class=\"e-font-icon-svg e-fas-phone-alt\" viewBox=\"0 0 512 512\" xmlns=\"http:\/\/www.w3.org\/2000\/svg\"><path d=\"M497.39 361.8l-112-48a24 24 0 0 0-28 6.9l-49.6 60.6A370.66 370.66 0 0 1 130.6 204.11l60.6-49.6a23.94 23.94 0 0 0 6.9-28l-48-112A24.16 24.16 0 0 0 122.6.61l-104 24A24 24 0 0 0 0 48c0 256.5 207.9 464 464 464a24 24 0 0 0 23.4-18.6l24-104a24.29 24.29 0 0 0-14.01-27.6z\"><\/path><\/svg>\t\t\t\t\t\t<\/span>\n\t\t\t\t\t\t\t\t\t\t<span class=\"elementor-icon-list-text\">04 90 33 91 27<\/span>\n\t\t\t\t\t\t\t\t\t<\/li>\n\t\t\t\t\t\t\t\t<li class=\"elementor-icon-list-item\">\n\t\t\t\t\t\t\t\t\t\t\t<span class=\"elementor-icon-list-icon\">\n\t\t\t\t\t\t\t<svg aria-hidden=\"true\" class=\"e-font-icon-svg e-far-envelope\" viewBox=\"0 0 512 512\" xmlns=\"http:\/\/www.w3.org\/2000\/svg\"><path d=\"M464 64H48C21.49 64 0 85.49 0 112v288c0 26.51 21.49 48 48 48h416c26.51 0 48-21.49 48-48V112c0-26.51-21.49-48-48-48zm0 48v40.805c-22.422 18.259-58.168 46.651-134.587 106.49-16.841 13.247-50.201 45.072-73.413 44.701-23.208.375-56.579-31.459-73.413-44.701C106.18 199.465 70.425 171.067 48 152.805V112h416zM48 400V214.398c22.914 18.251 55.409 43.862 104.938 82.646 21.857 17.205 60.134 55.186 103.062 54.955 42.717.231 80.509-37.199 103.053-54.947 49.528-38.783 82.032-64.401 104.947-82.653V400H48z\"><\/path><\/svg>\t\t\t\t\t\t<\/span>\n\t\t\t\t\t\t\t\t\t\t<span class=\"elementor-icon-list-text\">amministrazione@forno-mediterraneo.it<\/span>\n\t\t\t\t\t\t\t\t\t<\/li>\n\t\t\t\t\t\t\t\t<li class=\"elementor-icon-list-item\">\n\t\t\t\t\t\t\t\t\t\t\t<span class=\"elementor-icon-list-icon\">\n\t\t\t\t\t\t\t<svg aria-hidden=\"true\" class=\"e-font-icon-svg e-fas-map-marker-alt\" viewBox=\"0 0 384 512\" xmlns=\"http:\/\/www.w3.org\/2000\/svg\"><path d=\"M172.268 501.67C26.97 291.031 0 269.413 0 192 0 85.961 85.961 0 192 0s192 85.961 192 192c0 77.413-26.97 99.031-172.268 309.67-9.535 13.774-29.93 13.773-39.464 0zM192 272c44.183 0 80-35.817 80-80s-35.817-80-80-80-80 35.817-80 80 35.817 80 80 80z\"><\/path><\/svg>\t\t\t\t\t\t<\/span>\n\t\t\t\t\t\t\t\t\t\t<span class=\"elementor-icon-list-text\">via roma, 90c - 31050 Miane (TV)<\/span>\n\t\t\t\t\t\t\t\t\t<\/li>\n\t\t\t\t\t\t<\/ul>\n\t\t\t\t\t\t<\/div>\n\t\t\t\t<\/div>\n\t\t<div class=\"elementor-element elementor-element-d061a65 e-con-full e-flex e-con e-child\" data-id=\"d061a65\" data-element_type=\"container\">\n\t\t\t\t<div class=\"elementor-element elementor-element-c3b9ba5 elementor-button-align-start elementor-widget elementor-widget-form\" data-id=\"c3b9ba5\" data-element_type=\"widget\" data-settings=\"{&quot;button_width&quot;:&quot;40&quot;,&quot;step_next_label&quot;:&quot;Suivant&quot;,&quot;step_previous_label&quot;:&quot;Pr\\u00e9c\\u00e9dent&quot;,&quot;step_type&quot;:&quot;number_text&quot;,&quot;step_icon_shape&quot;:&quot;circle&quot;}\" data-widget_type=\"form.default\">\n\t\t\t\t\t\t\t<form class=\"elementor-form\" method=\"post\" name=\"Formulaire\" aria-label=\"Formulaire\">\n\t\t\t<input type=\"hidden\" name=\"post_id\" value=\"291\"\/>\n\t\t\t<input type=\"hidden\" name=\"form_id\" value=\"c3b9ba5\"\/>\n\t\t\t<input type=\"hidden\" name=\"referer_title\" value=\"Contact - Forno mediterraneo\" \/>\n\n\t\t\t\t\t\t\t<input type=\"hidden\" name=\"queried_id\" value=\"291\"\/>\n\t\t\t\n\t\t\t<div class=\"elementor-form-fields-wrapper elementor-labels-above\">\n\t\t\t\t\t\t\t\t<div class=\"elementor-field-type-text elementor-field-group elementor-column elementor-field-group-name elementor-col-50\">\n\t\t\t\t\t\t\t\t\t\t\t\t\t<input size=\"1\" type=\"text\" name=\"form_fields[name]\" id=\"form-field-name\" class=\"elementor-field elementor-size-sm  elementor-field-textual\" placeholder=\"Nom\">\n\t\t\t\t\t\t\t\t\t\t\t<\/div>\n\t\t\t\t\t\t\t\t<div class=\"elementor-field-type-text elementor-field-group elementor-column elementor-field-group-field_281a711 elementor-col-50\">\n\t\t\t\t\t\t\t\t\t\t\t\t\t<input size=\"1\" type=\"text\" name=\"form_fields[field_281a711]\" id=\"form-field-field_281a711\" class=\"elementor-field elementor-size-sm  elementor-field-textual\" placeholder=\"Entreprise\">\n\t\t\t\t\t\t\t\t\t\t\t<\/div>\n\t\t\t\t\t\t\t\t<div class=\"elementor-field-type-email elementor-field-group elementor-column elementor-field-group-field_771622e elementor-col-100\">\n\t\t\t\t\t\t\t\t\t\t\t\t\t<input size=\"1\" type=\"email\" name=\"form_fields[field_771622e]\" id=\"form-field-field_771622e\" class=\"elementor-field elementor-size-sm  elementor-field-textual\" placeholder=\"Votre adresse e-mail\">\n\t\t\t\t\t\t\t\t\t\t\t<\/div>\n\t\t\t\t\t\t\t\t<div class=\"elementor-field-type-text elementor-field-group elementor-column elementor-field-group-field_31cefad elementor-col-100\">\n\t\t\t\t\t\t\t\t\t\t\t\t\t<input size=\"1\" type=\"text\" name=\"form_fields[field_31cefad]\" id=\"form-field-field_31cefad\" class=\"elementor-field elementor-size-sm  elementor-field-textual\" placeholder=\"Objet\">\n\t\t\t\t\t\t\t\t\t\t\t<\/div>\n\t\t\t\t\t\t\t\t<div class=\"elementor-field-type-textarea elementor-field-group elementor-column elementor-field-group-field_686aa85 elementor-col-100\">\n\t\t\t\t\t<textarea class=\"elementor-field-textual elementor-field  elementor-size-sm\" name=\"form_fields[field_686aa85]\" id=\"form-field-field_686aa85\" rows=\"4\" placeholder=\"Votre message\"><\/textarea>\t\t\t\t<\/div>\n\t\t\t\t\t\t\t\t<div class=\"elementor-field-group elementor-column elementor-field-type-submit elementor-col-40 e-form__buttons\">\n\t\t\t\t\t<button class=\"elementor-button elementor-size-sm\" type=\"submit\">\n\t\t\t\t\t\t<span class=\"elementor-button-content-wrapper\">\n\t\t\t\t\t\t\t\t\t\t\t\t\t\t\t\t\t\t\t\t\t\t<span class=\"elementor-button-text\">Nous contacter<\/span>\n\t\t\t\t\t\t\t\t\t\t\t\t\t<\/span>\n\t\t\t\t\t<\/button>\n\t\t\t\t<\/div>\n\t\t\t<\/div>\n\t\t<\/form>\n\t\t\t\t\t\t<\/div>\n\t\t\t\t<\/div>\n\t\t\t\t<\/div>\n\t\t\t\t<\/div>\n\t\t","protected":false},"excerpt":{"rendered":"<p>Nous contacter Contactez-nous Notre \u00e9quipe est \u00e0 votre \u00e9coute pour vous accompagner dans le d\u00e9veloppement de vos produits frais ou surgel\u00e9s.\u2028 Remplissez le formulaire ci-dessous : nous reviendrons vers vous dans les plus brefs d\u00e9lais. 04 90 33 91 27 amministrazione@forno-mediterraneo.it via roma, 90c &#8211; 31050 Miane (TV)<\/p>","protected":false},"author":1,"featured_media":0,"parent":0,"menu_order":0,"comment_status":"closed","ping_status":"closed","template":"elementor_header_footer","meta":{"_acf_changed":false,"footnotes":""},"class_list":["post-291","page","type-page","status-publish","hentry"],"acf":[],"yoast_head":"<!-- This site is optimized with the Yoast SEO plugin v26.7 - https:\/\/yoast.com\/wordpress\/plugins\/seo\/ -->\n<title>Contact - Forno mediterraneo<\/title>\n<meta name=\"description\" content=\"Contactez Forno Mediterraneo : \u00e9quipe \u00e0 votre \u00e9coute pour vos pizzas &amp; snacks, produits frais ou surgel\u00e9s, marque ou MDD. Devis rapide.\" \/>\n<meta name=\"robots\" content=\"index, follow, max-snippet:-1, max-image-preview:large, max-video-preview:-1\" \/>\n<link rel=\"canonical\" href=\"https:\/\/www.forno-mediterraneo.com\/it\/contact\/\" \/>\n<meta property=\"og:locale\" content=\"it_IT\" \/>\n<meta property=\"og:type\" content=\"article\" \/>\n<meta property=\"og:title\" content=\"Contact - Forno mediterraneo\" \/>\n<meta property=\"og:description\" content=\"Contactez Forno Mediterraneo : \u00e9quipe \u00e0 votre \u00e9coute pour vos pizzas &amp; snacks, produits frais ou surgel\u00e9s, marque ou MDD. Devis rapide.\" \/>\n<meta property=\"og:url\" content=\"https:\/\/www.forno-mediterraneo.com\/it\/contact\/\" \/>\n<meta property=\"og:site_name\" content=\"Forno mediterraneo\" \/>\n<meta property=\"article:modified_time\" content=\"2026-01-13T13:05:59+00:00\" \/>\n<meta name=\"twitter:card\" content=\"summary_large_image\" \/>\n<meta name=\"twitter:label1\" content=\"Tempo di lettura stimato\" \/>\n\t<meta name=\"twitter:data1\" content=\"1 minuto\" \/>\n<script type=\"application\/ld+json\" class=\"yoast-schema-graph\">{\"@context\":\"https:\/\/schema.org\",\"@graph\":[{\"@type\":\"WebPage\",\"@id\":\"https:\/\/www.forno-mediterraneo.com\/contact\/\",\"url\":\"https:\/\/www.forno-mediterraneo.com\/contact\/\",\"name\":\"Contact - Forno mediterraneo\",\"isPartOf\":{\"@id\":\"https:\/\/www.forno-mediterraneo.com\/#website\"},\"datePublished\":\"2025-12-17T07:53:27+00:00\",\"dateModified\":\"2026-01-13T13:05:59+00:00\",\"description\":\"Contactez Forno Mediterraneo : \u00e9quipe \u00e0 votre \u00e9coute pour vos pizzas & snacks, produits frais ou surgel\u00e9s, marque ou MDD. Devis rapide.\",\"breadcrumb\":{\"@id\":\"https:\/\/www.forno-mediterraneo.com\/contact\/#breadcrumb\"},\"inLanguage\":\"it-IT\",\"potentialAction\":[{\"@type\":\"ReadAction\",\"target\":[\"https:\/\/www.forno-mediterraneo.com\/contact\/\"]}]},{\"@type\":\"BreadcrumbList\",\"@id\":\"https:\/\/www.forno-mediterraneo.com\/contact\/#breadcrumb\",\"itemListElement\":[{\"@type\":\"ListItem\",\"position\":1,\"name\":\"Accueil\",\"item\":\"https:\/\/www.forno-mediterraneo.com\/\"},{\"@type\":\"ListItem\",\"position\":2,\"name\":\"Contact\"}]},{\"@type\":\"WebSite\",\"@id\":\"https:\/\/www.forno-mediterraneo.com\/#website\",\"url\":\"https:\/\/www.forno-mediterraneo.com\/\",\"name\":\"Forno mediterraneo\",\"description\":\"\",\"publisher\":{\"@id\":\"https:\/\/www.forno-mediterraneo.com\/#organization\"},\"potentialAction\":[{\"@type\":\"SearchAction\",\"target\":{\"@type\":\"EntryPoint\",\"urlTemplate\":\"https:\/\/www.forno-mediterraneo.com\/?s={search_term_string}\"},\"query-input\":{\"@type\":\"PropertyValueSpecification\",\"valueRequired\":true,\"valueName\":\"search_term_string\"}}],\"inLanguage\":\"it-IT\"},{\"@type\":\"Organization\",\"@id\":\"https:\/\/www.forno-mediterraneo.com\/#organization\",\"name\":\"Forno mediterraneo\",\"url\":\"https:\/\/www.forno-mediterraneo.com\/\",\"logo\":{\"@type\":\"ImageObject\",\"inLanguage\":\"it-IT\",\"@id\":\"https:\/\/www.forno-mediterraneo.com\/#\/schema\/logo\/image\/\",\"url\":\"https:\/\/www.forno-mediterraneo.com\/wp-content\/uploads\/2025\/12\/Logo-Usine-fond-rouge-scaled.png\",\"contentUrl\":\"https:\/\/www.forno-mediterraneo.com\/wp-content\/uploads\/2025\/12\/Logo-Usine-fond-rouge-scaled.png\",\"width\":2560,\"height\":931,\"caption\":\"Forno mediterraneo\"},\"image\":{\"@id\":\"https:\/\/www.forno-mediterraneo.com\/#\/schema\/logo\/image\/\"}}]}<\/script>\n<!-- \/ Yoast SEO plugin. -->","yoast_head_json":{"title":"Contact - Forno mediterraneo","description":"Contactez Forno Mediterraneo : \u00e9quipe \u00e0 votre \u00e9coute pour vos pizzas & snacks, produits frais ou surgel\u00e9s, marque ou MDD. Devis rapide.","robots":{"index":"index","follow":"follow","max-snippet":"max-snippet:-1","max-image-preview":"max-image-preview:large","max-video-preview":"max-video-preview:-1"},"canonical":"https:\/\/www.forno-mediterraneo.com\/it\/contact\/","og_locale":"it_IT","og_type":"article","og_title":"Contact - Forno mediterraneo","og_description":"Contactez Forno Mediterraneo : \u00e9quipe \u00e0 votre \u00e9coute pour vos pizzas & snacks, produits frais ou surgel\u00e9s, marque ou MDD. Devis rapide.","og_url":"https:\/\/www.forno-mediterraneo.com\/it\/contact\/","og_site_name":"Forno mediterraneo","article_modified_time":"2026-01-13T13:05:59+00:00","twitter_card":"summary_large_image","twitter_misc":{"Tempo di lettura stimato":"1 minuto"},"schema":{"@context":"https:\/\/schema.org","@graph":[{"@type":"WebPage","@id":"https:\/\/www.forno-mediterraneo.com\/contact\/","url":"https:\/\/www.forno-mediterraneo.com\/contact\/","name":"Contact - Forno mediterraneo","isPartOf":{"@id":"https:\/\/www.forno-mediterraneo.com\/#website"},"datePublished":"2025-12-17T07:53:27+00:00","dateModified":"2026-01-13T13:05:59+00:00","description":"Contactez Forno Mediterraneo : \u00e9quipe \u00e0 votre \u00e9coute pour vos pizzas & snacks, produits frais ou surgel\u00e9s, marque ou MDD. Devis rapide.","breadcrumb":{"@id":"https:\/\/www.forno-mediterraneo.com\/contact\/#breadcrumb"},"inLanguage":"it-IT","potentialAction":[{"@type":"ReadAction","target":["https:\/\/www.forno-mediterraneo.com\/contact\/"]}]},{"@type":"BreadcrumbList","@id":"https:\/\/www.forno-mediterraneo.com\/contact\/#breadcrumb","itemListElement":[{"@type":"ListItem","position":1,"name":"Accueil","item":"https:\/\/www.forno-mediterraneo.com\/"},{"@type":"ListItem","position":2,"name":"Contact"}]},{"@type":"WebSite","@id":"https:\/\/www.forno-mediterraneo.com\/#website","url":"https:\/\/www.forno-mediterraneo.com\/","name":"Forno mediterraneo","description":"","publisher":{"@id":"https:\/\/www.forno-mediterraneo.com\/#organization"},"potentialAction":[{"@type":"SearchAction","target":{"@type":"EntryPoint","urlTemplate":"https:\/\/www.forno-mediterraneo.com\/?s={search_term_string}"},"query-input":{"@type":"PropertyValueSpecification","valueRequired":true,"valueName":"search_term_string"}}],"inLanguage":"it-IT"},{"@type":"Organization","@id":"https:\/\/www.forno-mediterraneo.com\/#organization","name":"Forno mediterraneo","url":"https:\/\/www.forno-mediterraneo.com\/","logo":{"@type":"ImageObject","inLanguage":"it-IT","@id":"https:\/\/www.forno-mediterraneo.com\/#\/schema\/logo\/image\/","url":"https:\/\/www.forno-mediterraneo.com\/wp-content\/uploads\/2025\/12\/Logo-Usine-fond-rouge-scaled.png","contentUrl":"https:\/\/www.forno-mediterraneo.com\/wp-content\/uploads\/2025\/12\/Logo-Usine-fond-rouge-scaled.png","width":2560,"height":931,"caption":"Forno mediterraneo"},"image":{"@id":"https:\/\/www.forno-mediterraneo.com\/#\/schema\/logo\/image\/"}}]}},"_links":{"self":[{"href":"https:\/\/www.forno-mediterraneo.com\/it\/wp-json\/wp\/v2\/pages\/291","targetHints":{"allow":["GET"]}}],"collection":[{"href":"https:\/\/www.forno-mediterraneo.com\/it\/wp-json\/wp\/v2\/pages"}],"about":[{"href":"https:\/\/www.forno-mediterraneo.com\/it\/wp-json\/wp\/v2\/types\/page"}],"author":[{"embeddable":true,"href":"https:\/\/www.forno-mediterraneo.com\/it\/wp-json\/wp\/v2\/users\/1"}],"replies":[{"embeddable":true,"href":"https:\/\/www.forno-mediterraneo.com\/it\/wp-json\/wp\/v2\/comments?post=291"}],"version-history":[{"count":13,"href":"https:\/\/www.forno-mediterraneo.com\/it\/wp-json\/wp\/v2\/pages\/291\/revisions"}],"predecessor-version":[{"id":1415,"href":"https:\/\/www.forno-mediterraneo.com\/it\/wp-json\/wp\/v2\/pages\/291\/revisions\/1415"}],"wp:attachment":[{"href":"https:\/\/www.forno-mediterraneo.com\/it\/wp-json\/wp\/v2\/media?parent=291"}],"curies":[{"name":"wp","href":"https:\/\/api.w.org\/{rel}","templated":true}]}}